{"id":74,"date":"2024-12-26T13:34:03","date_gmt":"2024-12-26T12:34:03","guid":{"rendered":"https:\/\/www.bruederle-design.de\/?page_id=74"},"modified":"2025-02-13T09:44:31","modified_gmt":"2025-02-13T08:44:31","slug":"grafiken-skizzen","status":"publish","type":"page","link":"https:\/\/www.bruederle-design.de\/index.php\/grafiken-skizzen\/","title":{"rendered":"grafiken\/ skizzen"},"content":{"rendered":"\n<div style=\"height:123px\" aria-hidden=\"true\" class=\"wp-block-spacer\"><\/div>\n\n\n\n<div class=\"wp-block-columns alignwide is-layout-flex wp-container-core-columns-is-layout-d0b3c9c8 wp-block-columns-is-layout-flex\">\n<div class=\"wp-block-column is-layout-flow wp-block-column-is-layout-flow\" style=\"--col-width:5%;flex-basis:5%\"><\/div>\n\n\n\n<div class=\"wp-block-column is-vertically-aligned-bottom is-layout-flow wp-block-column-is-layout-flow\" style=\"padding-top:0;padding-bottom:var(--wp--preset--spacing--20)\">\n<h2 class=\"wp-block-heading has-text-align-right has-heading-font-family has-large-font-size\">Grafiken\/ Skizzen<\/h2>\n\n\n\n<p class=\"has-text-align-right has-heading-font-family has-medium-font-size\">Skizzieren macht Spa\u00df<br>und ist das Werkzeug des Designer.<br>Ideen k\u00f6nnen so visualisiert<br>und mit dem Kunden kommuniziert werden.<\/p>\n<\/div>\n\n\n\n<div class=\"wp-block-column is-layout-flow wp-block-column-is-layout-flow\" style=\"--col-width:45%;flex-basis:45%\">\n<figure class=\"wp-block-image size-full is-resized\"><img loading=\"lazy\" decoding=\"async\" width=\"283\" height=\"328\" src=\"https:\/\/www.bruederle-design.de\/wp-content\/uploads\/2024\/12\/eierlauf_03.png\" alt=\"\" class=\"wp-image-78\" style=\"object-fit:cover;width:408px;height:auto\"\/><\/figure>\n<\/div>\n<\/div>\n\n\n\n<div style=\"height:20px\" aria-hidden=\"true\" class=\"wp-block-spacer\"><\/div>\n\n\n\n<div class=\"wp-block-columns alignwide is-layout-flex wp-container-core-columns-is-layout-d0b3c9c8 wp-block-columns-is-layout-flex\">\n<div class=\"wp-block-column is-vertically-aligned-bottom is-layout-flow wp-block-column-is-layout-flow\" style=\"--col-width:10%;padding-top:0;padding-bottom:var(--wp--preset--spacing--40);flex-basis:10%\"><\/div>\n\n\n\n<div style=\"--col-width:;\" class=\"wp-block-column is-vertically-aligned-bottom is-layout-flow wp-block-column-is-layout-flow\">\n<figure class=\"wp-block-image size-full\"><img loading=\"lazy\" decoding=\"async\" width=\"550\" height=\"364\" src=\"https:\/\/www.bruederle-design.de\/wp-content\/uploads\/2024\/12\/sammlung_02.png\" alt=\"\" class=\"wp-image-96\"\/><\/figure>\n<\/div>\n\n\n\n<div class=\"wp-block-column is-vertically-aligned-bottom is-layout-flow wp-block-column-is-layout-flow\">\n<figure class=\"wp-block-image size-full is-resized\"><img loading=\"lazy\" decoding=\"async\" width=\"3631\" height=\"3645\" src=\"https:\/\/www.bruederle-design.de\/wp-content\/uploads\/2024\/12\/auto09a.png\" alt=\"\" class=\"wp-image-95\" style=\"width:396px;height:auto\"\/><\/figure>\n<\/div>\n<\/div>\n\n\n\n<div style=\"height:67px\" aria-hidden=\"true\" class=\"wp-block-spacer\"><\/div>\n\n\n\n<div class=\"wp-block-columns alignwide is-layout-flex wp-container-core-columns-is-layout-d0b3c9c8 wp-block-columns-is-layout-flex\">\n<div class=\"wp-block-column is-vertically-aligned-bottom is-layout-flow wp-block-column-is-layout-flow\" style=\"padding-top:var(--wp--preset--spacing--40);padding-bottom:var(--wp--preset--spacing--40)\">\n<p class=\"has-text-align-right has-heading-font-family has-medium-font-size\"><strong>von der Skizze zur Grafik<\/strong><br>Grafik f\u00fcr einen Weinshop<\/p>\n<\/div>\n\n\n\n<div class=\"wp-block-column is-vertically-aligned-bottom is-layout-flow wp-block-column-is-layout-flow\" style=\"--col-width:25%;padding-top:0;padding-bottom:var(--wp--preset--spacing--20);flex-basis:25%\">\n<figure class=\"wp-block-image alignright size-full is-resized\"><img loading=\"lazy\" decoding=\"async\" width=\"1166\" height=\"1000\" src=\"https:\/\/www.bruederle-design.de\/wp-content\/uploads\/2024\/12\/catal-bleistift.png\" alt=\"\" class=\"wp-image-654\" style=\"object-fit:cover;width:327px;height:auto\"\/><\/figure>\n<\/div>\n\n\n\n<div class=\"wp-block-column is-vertically-aligned-top is-layout-flow wp-block-column-is-layout-flow\" style=\"--col-width:47%;flex-basis:47%\">\n<figure class=\"wp-block-image size-full\"><img loading=\"lazy\" decoding=\"async\" width=\"3300\" height=\"1800\" src=\"https:\/\/www.bruederle-design.de\/wp-content\/uploads\/2024\/12\/bioweine-logo.jpg\" alt=\"\" class=\"wp-image-86\" style=\"object-fit:cover\"\/><\/figure>\n<\/div>\n<\/div>\n\n\n\n<div style=\"height:70px\" aria-hidden=\"true\" class=\"wp-block-spacer\"><\/div>\n\n\n\n<div class=\"wp-block-columns alignwide is-layout-flex wp-container-core-columns-is-layout-d0b3c9c8 wp-block-columns-is-layout-flex\">\n<div class=\"wp-block-column is-vertically-aligned-top is-layout-flow wp-block-column-is-layout-flow\" style=\"padding-top:var(--wp--preset--spacing--30);padding-bottom:var(--wp--preset--spacing--40)\">\n<p class=\"has-text-align-right has-heading-font-family has-medium-font-size\"><strong>von der Skizze zum Modell<\/strong><\/p>\n<\/div>\n\n\n\n<div class=\"wp-block-column is-vertically-aligned-bottom is-layout-flow wp-block-column-is-layout-flow\" style=\"--col-width:30%;padding-top:0;padding-bottom:var(--wp--preset--spacing--20);flex-basis:30%\">\n<figure class=\"wp-block-image size-full is-resized\"><img loading=\"lazy\" decoding=\"async\" width=\"623\" height=\"800\" src=\"https:\/\/www.bruederle-design.de\/wp-content\/uploads\/2024\/12\/handskizze2.png\" alt=\"\" class=\"wp-image-830\" style=\"object-fit:cover;width:262px;height:auto\"\/><\/figure>\n<\/div>\n\n\n\n<div class=\"wp-block-column is-vertically-aligned-top is-layout-flow wp-block-column-is-layout-flow\" style=\"--col-width:40%;flex-basis:40%\">\n<figure class=\"wp-block-image alignleft size-full\"><img loading=\"lazy\" decoding=\"async\" width=\"945\" height=\"662\" src=\"https:\/\/www.bruederle-design.de\/wp-content\/uploads\/2024\/12\/foto04-1.png\" alt=\"\" class=\"wp-image-849\" style=\"object-fit:cover\"\/><\/figure>\n<\/div>\n<\/div>\n\n\n\n<div style=\"height:86px\" aria-hidden=\"true\" class=\"wp-block-spacer\"><\/div>\n\n\n\n<div class=\"wp-block-columns alignwide is-layout-flex wp-container-core-columns-is-layout-d0b3c9c8 wp-block-columns-is-layout-flex\">\n<div class=\"wp-block-column is-vertically-aligned-bottom is-layout-flow wp-block-column-is-layout-flow\" style=\"--col-width:;padding-top:0;padding-bottom:0\">\n<figure class=\"wp-block-image size-full\"><img loading=\"lazy\" decoding=\"async\" width=\"500\" height=\"330\" src=\"https:\/\/www.bruederle-design.de\/wp-content\/uploads\/2024\/12\/Zahnbuersten_72dpi.png\" alt=\"\" class=\"wp-image-110\" style=\"object-fit:cover\"\/><\/figure>\n<\/div>\n\n\n\n<div class=\"wp-block-column is-vertically-aligned-bottom is-layout-flow wp-block-column-is-layout-flow\">\n<figure class=\"wp-block-image size-full\"><img loading=\"lazy\" decoding=\"async\" width=\"500\" height=\"330\" src=\"https:\/\/www.bruederle-design.de\/wp-content\/uploads\/2024\/12\/irina_malz_72dpi.png\" alt=\"\" class=\"wp-image-111\" style=\"object-fit:cover\"\/><\/figure>\n<\/div>\n\n\n\n<div class=\"wp-block-column is-vertically-aligned-bottom is-layout-flow wp-block-column-is-layout-flow\" style=\"--col-width:12%;padding-bottom:var(--wp--preset--spacing--20);flex-basis:12%\">\n<p class=\"has-text-align-left has-heading-font-family has-medium-font-size\"><strong>Werbepostkarten f\u00fcr eine Zahnartztpraxis <\/strong><br>im Comicstyle<\/p>\n<\/div>\n<\/div>\n\n\n\n<div style=\"height:80px\" aria-hidden=\"true\" class=\"wp-block-spacer\"><\/div>\n\n\n\n<div class=\"wp-block-columns alignwide is-layout-flex wp-container-core-columns-is-layout-d0b3c9c8 wp-block-columns-is-layout-flex\">\n<div class=\"wp-block-column is-vertically-aligned-bottom is-layout-flow wp-block-column-is-layout-flow\" style=\"--col-width:;padding-bottom:var(--wp--preset--spacing--20)\">\n<p class=\"has-text-align-right has-heading-font-family has-medium-font-size\"><strong>Flaschenetikett f\u00fcr die Brennerrei<\/strong><br><a href=\"https:\/\/vetter-edelbraende.de\/\">Vetter Edelbr\u00e4nde<\/a><\/p>\n<\/div>\n\n\n\n<div class=\"wp-block-column is-vertically-aligned-bottom is-layout-flow wp-block-column-is-layout-flow\" style=\"--col-width:30%;padding-top:0;padding-bottom:0;flex-basis:30%\">\n<figure class=\"wp-block-image alignleft size-full has-custom-border\"><img loading=\"lazy\" decoding=\"async\" width=\"6142\" height=\"9449\" src=\"https:\/\/www.bruederle-design.de\/wp-content\/uploads\/2024\/12\/vetter-etikett_02.png\" alt=\"\" class=\"has-border-color has-accent-border-color wp-image-122\" style=\"border-width:1px;object-fit:cover\"\/><\/figure>\n<\/div>\n\n\n\n<div class=\"wp-block-column is-vertically-aligned-bottom is-layout-flow wp-block-column-is-layout-flow\" style=\"--col-width:10%;flex-basis:10%\"><\/div>\n<\/div>\n\n\n\n<div style=\"height:71px\" aria-hidden=\"true\" class=\"wp-block-spacer\"><\/div>\n\n\n\n<div class=\"wp-block-columns alignwide is-layout-flex wp-container-core-columns-is-layout-d0b3c9c8 wp-block-columns-is-layout-flex\">\n<div class=\"wp-block-column is-layout-flow wp-container-core-column-is-layout-3f7b68c1 wp-block-column-is-layout-flow\" style=\"border-style:none;border-width:0px;padding-top:0;padding-bottom:0\">\n<figure class=\"wp-block-image size-full\"><img loading=\"lazy\" decoding=\"async\" width=\"1000\" height=\"1587\" src=\"https:\/\/www.bruederle-design.de\/wp-content\/uploads\/2024\/12\/gin_grau-1.png\" alt=\"\" class=\"wp-image-662\"\/><\/figure>\n<\/div>\n\n\n\n<div class=\"wp-block-column is-layout-flow wp-block-column-is-layout-flow\">\n<figure class=\"wp-block-image size-full\"><img loading=\"lazy\" decoding=\"async\" width=\"1000\" height=\"1587\" src=\"https:\/\/www.bruederle-design.de\/wp-content\/uploads\/2024\/12\/gin_gruen-1.png\" alt=\"\" class=\"wp-image-664\"\/><\/figure>\n<\/div>\n\n\n\n<div class=\"wp-block-column is-layout-flow wp-block-column-is-layout-flow\">\n<figure class=\"wp-block-image size-full\"><img loading=\"lazy\" decoding=\"async\" width=\"1000\" height=\"1587\" src=\"https:\/\/www.bruederle-design.de\/wp-content\/uploads\/2024\/12\/gin_blau-1.png\" alt=\"\" class=\"wp-image-660\"\/><\/figure>\n<\/div>\n<\/div>\n\n\n\n<div class=\"wp-block-columns alignwide is-layout-flex wp-container-core-columns-is-layout-d0b3c9c8 wp-block-columns-is-layout-flex\">\n<div class=\"wp-block-column is-layout-flow wp-block-column-is-layout-flow\">\n<p class=\"has-text-align-right has-heading-font-family\"><strong>Entwurf einer Ginflasche<\/strong><br>mit verschiedenen Etiketten-Varianten<br>als fotorealistisches Rendering<\/p>\n<\/div>\n<\/div>\n\n\n\n<div style=\"height:140px\" aria-hidden=\"true\" class=\"wp-block-spacer\"><\/div>\n","protected":false},"excerpt":{"rendered":"<p>Grafiken\/ Skizzen Skizzieren macht Spa\u00dfund ist das Werkzeug des Designer.Ideen k\u00f6nnen so visualisiertund mit dem Kunden kommuniziert werden. von der Skizze zur GrafikGrafik f\u00fcr einen Weinshop von der Skizze zum Modell Werbepostkarten f\u00fcr eine Zahnartztpraxis im Comicstyle Flaschenetikett f\u00fcr die BrennerreiVetter Edelbr\u00e4nde Entwurf einer Ginflaschemit verschiedenen Etiketten-Variantenals fotorealistisches Rendering<\/p>\n","protected":false},"author":1,"featured_media":0,"parent":0,"menu_order":0,"comment_status":"closed","ping_status":"closed","template":"page-no-title","meta":{"footnotes":""},"class_list":["post-74","page","type-page","status-publish","hentry"],"_links":{"self":[{"href":"https:\/\/www.bruederle-design.de\/index.php\/wp-json\/wp\/v2\/pages\/74","targetHints":{"allow":["GET"]}}],"collection":[{"href":"https:\/\/www.bruederle-design.de\/index.php\/wp-json\/wp\/v2\/pages"}],"about":[{"href":"https:\/\/www.bruederle-design.de\/index.php\/wp-json\/wp\/v2\/types\/page"}],"author":[{"embeddable":true,"href":"https:\/\/www.bruederle-design.de\/index.php\/wp-json\/wp\/v2\/users\/1"}],"replies":[{"embeddable":true,"href":"https:\/\/www.bruederle-design.de\/index.php\/wp-json\/wp\/v2\/comments?post=74"}],"version-history":[{"count":75,"href":"https:\/\/www.bruederle-design.de\/index.php\/wp-json\/wp\/v2\/pages\/74\/revisions"}],"predecessor-version":[{"id":1161,"href":"https:\/\/www.bruederle-design.de\/index.php\/wp-json\/wp\/v2\/pages\/74\/revisions\/1161"}],"wp:attachment":[{"href":"https:\/\/www.bruederle-design.de\/index.php\/wp-json\/wp\/v2\/media?parent=74"}],"curies":[{"name":"wp","href":"https:\/\/api.w.org\/{rel}","templated":true}]}}