{"id":365,"date":"2024-12-27T13:41:59","date_gmt":"2024-12-27T12:41:59","guid":{"rendered":"https:\/\/www.bruederle-design.de\/?page_id=365"},"modified":"2024-12-31T11:48:41","modified_gmt":"2024-12-31T10:48:41","slug":"fahrersitz-fuer-schienenfahrzeuge-2","status":"publish","type":"page","link":"https:\/\/www.bruederle-design.de\/index.php\/fahrersitz-fuer-schienenfahrzeuge-2\/","title":{"rendered":"fahrersitz f\u00fcr schienenfahrzeuge"},"content":{"rendered":"\n<div style=\"height:123px\" aria-hidden=\"true\" class=\"wp-block-spacer\"><\/div>\n\n\n\n<div class=\"wp-block-columns alignwide are-vertically-aligned-bottom is-layout-flex wp-container-core-columns-is-layout-d0b3c9c8 wp-block-columns-is-layout-flex\">\n<div class=\"wp-block-column is-layout-flow wp-block-column-is-layout-flow\" style=\"--col-width:20%;flex-basis:20%\"><\/div>\n\n\n\n<div class=\"wp-block-column is-vertically-aligned-bottom is-layout-flow wp-block-column-is-layout-flow\" style=\"--col-width:;padding-top:0;padding-right:var(--wp--preset--spacing--10);padding-bottom:var(--wp--preset--spacing--10)\">\n<h2 class=\"wp-block-heading has-text-align-right has-heading-font-family has-large-font-size\">Fahrersitz f\u00fcr Schienenfahrzeuge,<br>modular, multifunktional.<\/h2>\n\n\n\n<p class=\"has-text-align-right has-heading-font-family has-medium-font-size\"><br>Fahrzeugf\u00fchrer eines Zugs, sind anders als im PKW, weniger eingeschr\u00e4nkt, z.B. durch Wegfall der Gurtpflicht,<br>Hier bietet sich eine Erweiterung f\u00fcr den Sitz an, die<br> speziell auf die Bed\u00fcrfnisse der Berufsgruppe zugeschnitten ist.<br>Hier besteht nun die M\u00f6glichkeit, zwischen Sitzen und Stehsitzen zu wechseln, um Dauerbelastungen zu vermeiden.<br>Meine Diplomarbeit, in Kooperation mit der Firma Adtranz.<br>Als Betreuer stand mir Herr Lutz Gelbert, Chefdesigner von Adtranz in Hennigsdorf, mit Rat und Tat zur Seite.<br>An dieser Stelle auch ein Dank an Thomas und Thomas von Designhaus p+m f\u00fcr ihre Unterst\u00fctzung.<\/p>\n<\/div>\n\n\n\n<div class=\"wp-block-column is-vertically-aligned-bottom is-layout-flow wp-block-column-is-layout-flow\" style=\"--col-width:35%;flex-basis:35%\">\n<figure class=\"wp-block-image alignleft size-full is-resized\"><img loading=\"lazy\" decoding=\"async\" width=\"429\" height=\"600\" src=\"https:\/\/www.bruederle-design.de\/wp-content\/uploads\/2024\/12\/stehsitz_red.png\" alt=\"\" class=\"wp-image-435\" style=\"object-fit:cover;width:427px;height:auto\"\/><\/figure>\n<\/div>\n\n\n\n<div class=\"wp-block-column is-vertically-aligned-bottom is-layout-flow wp-block-column-is-layout-flow\" style=\"--col-width:2%;flex-basis:2%\"><\/div>\n<\/div>\n\n\n\n<div style=\"height:59px\" aria-hidden=\"true\" class=\"wp-block-spacer\"><\/div>\n\n\n\n<div class=\"wp-block-columns alignwide are-vertically-aligned-bottom is-layout-flex wp-container-core-columns-is-layout-d0b3c9c8 wp-block-columns-is-layout-flex\">\n<div class=\"wp-block-column is-vertically-aligned-bottom is-layout-flow wp-block-column-is-layout-flow\">\n<div class=\"wp-block-group is-content-justification-left is-layout-flex wp-container-core-group-is-layout-8767a1bf wp-block-group-is-layout-flex\">\n<figure class=\"wp-block-image size-full is-resized has-custom-border\"><img loading=\"lazy\" decoding=\"async\" width=\"326\" height=\"400\" src=\"https:\/\/www.bruederle-design.de\/wp-content\/uploads\/2024\/12\/stehsitz_sketsch400.png\" alt=\"\" class=\"has-border-color has-accent-border-color wp-image-430\" style=\"border-width:1px;width:auto;height:300px\"\/><\/figure>\n\n\n\n<figure class=\"wp-block-image size-full is-resized\"><img loading=\"lazy\" decoding=\"async\" width=\"259\" height=\"400\" src=\"https:\/\/www.bruederle-design.de\/wp-content\/uploads\/2024\/12\/sitz_obomodulan.png\" alt=\"\" class=\"wp-image-431\" style=\"width:auto;height:300px\"\/><\/figure>\n\n\n\n<figure class=\"wp-block-image size-full is-resized\"><img loading=\"lazy\" decoding=\"async\" width=\"231\" height=\"400\" src=\"https:\/\/www.bruederle-design.de\/wp-content\/uploads\/2024\/12\/modell_weiss.jpg\" alt=\"\" class=\"wp-image-432\" style=\"width:auto;height:300px\"\/><\/figure>\n\n\n\n<figure class=\"wp-block-image size-full is-resized\"><img loading=\"lazy\" decoding=\"async\" width=\"259\" height=\"400\" src=\"https:\/\/www.bruederle-design.de\/wp-content\/uploads\/2024\/12\/rueckseite400.png\" alt=\"\" class=\"wp-image-433\" style=\"width:auto;height:300px\"\/><\/figure>\n<\/div>\n<\/div>\n<\/div>\n\n\n\n<div class=\"wp-block-columns alignwide is-layout-flex wp-container-core-columns-is-layout-d0b3c9c8 wp-block-columns-is-layout-flex\">\n<div class=\"wp-block-column is-layout-flow wp-block-column-is-layout-flow\">\n<p class=\"has-text-align-right has-heading-font-family\">von der Skizze zum Modell<br><\/p>\n<\/div>\n\n\n\n<div class=\"wp-block-column is-layout-flow wp-block-column-is-layout-flow\" style=\"--col-width:30%;flex-basis:30%\"><\/div>\n<\/div>\n\n\n\n<div style=\"height:30px\" aria-hidden=\"true\" class=\"wp-block-spacer\"><\/div>\n\n\n\n<div class=\"wp-block-columns alignwide are-vertically-aligned-bottom is-layout-flex wp-container-core-columns-is-layout-d0b3c9c8 wp-block-columns-is-layout-flex\">\n<div class=\"wp-block-column is-vertically-aligned-bottom is-layout-flow wp-block-column-is-layout-flow\" style=\"--col-width:30%;padding-bottom:var(--wp--preset--spacing--10);flex-basis:30%\">\n<p class=\"has-text-align-right has-heading-font-family\">Der Sitz bietet die M\u00f6glichkeit. personenbezogene Einstellungen abzuspeichern.<br>Weiter sind Massagefunktionen und ein<br>L\u00fcftungssystem denkbar.<\/p>\n<\/div>\n\n\n\n<div class=\"wp-block-column is-vertically-aligned-bottom is-layout-flow wp-block-column-is-layout-flow\">\n<div class=\"wp-block-group is-content-justification-left is-layout-flex wp-container-core-group-is-layout-8767a1bf wp-block-group-is-layout-flex\">\n<figure class=\"wp-block-image size-full is-resized\"><img loading=\"lazy\" decoding=\"async\" width=\"426\" height=\"600\" src=\"https:\/\/www.bruederle-design.de\/wp-content\/uploads\/2024\/12\/Sitz_01red.png\" alt=\"\" class=\"wp-image-708\" style=\"width:auto;height:400px\"\/><\/figure>\n\n\n\n<figure class=\"wp-block-image size-full is-resized\"><img loading=\"lazy\" decoding=\"async\" width=\"365\" height=\"600\" src=\"https:\/\/www.bruederle-design.de\/wp-content\/uploads\/2024\/12\/Sitz_02red.png\" alt=\"\" class=\"wp-image-709\" style=\"width:auto;height:400px\"\/><\/figure>\n<\/div>\n<\/div>\n<\/div>\n\n\n\n<div style=\"height:59px\" aria-hidden=\"true\" class=\"wp-block-spacer\"><\/div>\n\n\n\n<div class=\"wp-block-columns alignwide is-layout-flex wp-container-core-columns-is-layout-d0b3c9c8 wp-block-columns-is-layout-flex\">\n<div class=\"wp-block-column is-vertically-aligned-bottom is-layout-flow wp-block-column-is-layout-flow\" style=\"--col-width:55%;flex-basis:55%\">\n<div class=\"wp-block-group is-content-justification-right is-layout-flex wp-container-core-group-is-layout-37aff4aa wp-block-group-is-layout-flex\">\n<figure class=\"wp-block-image size-full is-resized\"><img loading=\"lazy\" decoding=\"async\" width=\"387\" height=\"600\" src=\"https:\/\/www.bruederle-design.de\/wp-content\/uploads\/2024\/12\/sitzdetail_01red.png\" alt=\"\" class=\"wp-image-710\" style=\"width:auto;height:350px\"\/><\/figure>\n\n\n\n<figure class=\"wp-block-image size-full is-resized\"><img loading=\"lazy\" decoding=\"async\" width=\"384\" height=\"600\" src=\"https:\/\/www.bruederle-design.de\/wp-content\/uploads\/2024\/12\/sitzdetail_02red.png\" alt=\"\" class=\"wp-image-712\" style=\"width:auto;height:350px\"\/><\/figure>\n<\/div>\n<\/div>\n\n\n\n<div class=\"wp-block-column is-vertically-aligned-bottom is-layout-flow wp-block-column-is-layout-flow\" style=\"--col-width:20%;padding-bottom:var(--wp--preset--spacing--10);flex-basis:20%\">\n<p class=\"has-text-align-left has-heading-font-family\"><strong>Modell im Ma\u00dfstab 1:20<br><\/strong>Material:<br>Hartschaum, Lochblech,<br>diverse Kunststoffe.<\/p>\n<\/div>\n<\/div>\n\n\n\n<div style=\"height:59px\" aria-hidden=\"true\" class=\"wp-block-spacer\"><\/div>\n\n\n\n<p><\/p>\n","protected":false},"excerpt":{"rendered":"<p>Fahrersitz f\u00fcr Schienenfahrzeuge,modular, multifunktional. Fahrzeugf\u00fchrer eines Zugs, sind anders als im PKW, weniger eingeschr\u00e4nkt, z.B. durch Wegfall der Gurtpflicht,Hier bietet sich eine Erweiterung f\u00fcr den Sitz an, die speziell auf die Bed\u00fcrfnisse der Berufsgruppe zugeschnitten ist.Hier besteht nun die M\u00f6glichkeit, zwischen Sitzen und Stehsitzen zu wechseln, um Dauerbelastungen zu vermeiden.Meine Diplomarbeit, in Kooperation mit der [&hellip;]<\/p>\n","protected":false},"author":1,"featured_media":0,"parent":0,"menu_order":0,"comment_status":"closed","ping_status":"closed","template":"page-no-title","meta":{"footnotes":""},"class_list":["post-365","page","type-page","status-publish","hentry"],"_links":{"self":[{"href":"https:\/\/www.bruederle-design.de\/index.php\/wp-json\/wp\/v2\/pages\/365","targetHints":{"allow":["GET"]}}],"collection":[{"href":"https:\/\/www.bruederle-design.de\/index.php\/wp-json\/wp\/v2\/pages"}],"about":[{"href":"https:\/\/www.bruederle-design.de\/index.php\/wp-json\/wp\/v2\/types\/page"}],"author":[{"embeddable":true,"href":"https:\/\/www.bruederle-design.de\/index.php\/wp-json\/wp\/v2\/users\/1"}],"replies":[{"embeddable":true,"href":"https:\/\/www.bruederle-design.de\/index.php\/wp-json\/wp\/v2\/comments?post=365"}],"version-history":[{"count":64,"href":"https:\/\/www.bruederle-design.de\/index.php\/wp-json\/wp\/v2\/pages\/365\/revisions"}],"predecessor-version":[{"id":1054,"href":"https:\/\/www.bruederle-design.de\/index.php\/wp-json\/wp\/v2\/pages\/365\/revisions\/1054"}],"wp:attachment":[{"href":"https:\/\/www.bruederle-design.de\/index.php\/wp-json\/wp\/v2\/media?parent=365"}],"curies":[{"name":"wp","href":"https:\/\/api.w.org\/{rel}","templated":true}]}}