{"id":146,"date":"2024-12-26T15:49:39","date_gmt":"2024-12-26T14:49:39","guid":{"rendered":"https:\/\/www.bruederle-design.de\/?page_id=146"},"modified":"2024-12-31T11:13:11","modified_gmt":"2024-12-31T10:13:11","slug":"modellbau","status":"publish","type":"page","link":"https:\/\/www.bruederle-design.de\/index.php\/modellbau\/","title":{"rendered":"modellbau"},"content":{"rendered":"\n<div style=\"height:123px\" aria-hidden=\"true\" class=\"wp-block-spacer\"><\/div>\n\n\n\n<div class=\"wp-block-columns alignwide is-layout-flex wp-container-core-columns-is-layout-d0b3c9c8 wp-block-columns-is-layout-flex\">\n<div class=\"wp-block-column is-vertically-aligned-bottom is-layout-flow wp-block-column-is-layout-flow\" style=\"padding-top:0;padding-bottom:var(--wp--preset--spacing--20)\">\n<h2 class=\"wp-block-heading has-text-align-right has-heading-font-family has-large-font-size\">Modellbau<\/h2>\n\n\n\n<p class=\"has-text-align-right has-heading-font-family has-medium-font-size\">hilft weiter, wenn eine rein grafische Darstellung zur Beurteilung der Entw\u00fcrfe nicht mehr ausreicht, z.B. bei der Handhabung.<br>Weiter werden Modelle als Werbemittel verwendet.<br>Die hier gezeigten Modelle sind \u00fcberwiegend bei  <a href=\"http:\/\/designhaus-pm.de\/\">DesignHaus p+m<\/a> entstanden.<\/p>\n<\/div>\n\n\n\n<div class=\"wp-block-column is-layout-flow wp-block-column-is-layout-flow\" style=\"--col-width:50%;flex-basis:50%\">\n<figure class=\"wp-block-image size-full\"><img loading=\"lazy\" decoding=\"async\" width=\"550\" height=\"413\" src=\"https:\/\/www.bruederle-design.de\/wp-content\/uploads\/2024\/12\/technische_zeichnung.png\" alt=\"\" class=\"wp-image-148\" style=\"object-fit:cover\"\/><\/figure>\n<\/div>\n\n\n\n<div class=\"wp-block-column is-layout-flow wp-block-column-is-layout-flow\" style=\"--col-width:5%;flex-basis:5%\"><\/div>\n<\/div>\n\n\n\n<div style=\"height:20px\" aria-hidden=\"true\" class=\"wp-block-spacer\"><\/div>\n\n\n\n<div class=\"wp-block-columns alignwide is-layout-flex wp-container-core-columns-is-layout-d0b3c9c8 wp-block-columns-is-layout-flex\">\n<div class=\"wp-block-column is-vertically-aligned-bottom is-layout-flow wp-block-column-is-layout-flow\" style=\"--col-width:40%;flex-basis:40%\">\n<figure class=\"wp-block-image size-full\"><img loading=\"lazy\" decoding=\"async\" width=\"672\" height=\"822\" src=\"https:\/\/www.bruederle-design.de\/wp-content\/uploads\/2024\/12\/sket-1.png\" alt=\"\" class=\"wp-image-639\"\/><\/figure>\n<\/div>\n\n\n\n<div class=\"wp-block-column is-vertically-aligned-bottom is-layout-flow wp-block-column-is-layout-flow\" style=\"padding-bottom:var(--wp--preset--spacing--10)\">\n<p class=\"has-text-align-left has-heading-font-family has-medium-font-size\"><strong>Messemodell<\/strong> <strong>einer<\/strong><br><strong>Blechbiegemaschine<\/strong><br>f\u00fcr die Euroblech in Hannover<\/p>\n<\/div>\n\n\n\n<div class=\"wp-block-column is-vertically-aligned-bottom is-layout-flow wp-block-column-is-layout-flow\" style=\"--col-width:10%;padding-top:0;padding-bottom:var(--wp--preset--spacing--40);flex-basis:10%\"><\/div>\n<\/div>\n\n\n\n<div style=\"height:63px\" aria-hidden=\"true\" class=\"wp-block-spacer\"><\/div>\n\n\n\n<div class=\"wp-block-columns alignwide is-layout-flex wp-container-core-columns-is-layout-d0b3c9c8 wp-block-columns-is-layout-flex\">\n<div class=\"wp-block-column is-vertically-aligned-bottom is-layout-flow wp-block-column-is-layout-flow\" style=\"--col-width:15%;padding-bottom:var(--wp--preset--spacing--10);flex-basis:15%\">\n<p class=\"has-text-align-right has-heading-font-family has-medium-font-size\"><strong>von der Grafik<\/strong><br><strong> zum Modell<\/strong><br>Entwurf eines Taschenmessers<\/p>\n<\/div>\n\n\n\n<div class=\"wp-block-column is-vertically-aligned-center is-layout-flow wp-block-column-is-layout-flow\" style=\"--col-width:30%;padding-top:0;padding-bottom:0;flex-basis:30%\">\n<figure class=\"wp-block-image size-full\"><img loading=\"lazy\" decoding=\"async\" width=\"500\" height=\"357\" src=\"https:\/\/www.bruederle-design.de\/wp-content\/uploads\/2024\/12\/messer_gestreckt.png\" alt=\"\" class=\"wp-image-769\" style=\"object-fit:cover\"\/><\/figure>\n<\/div>\n\n\n\n<div class=\"wp-block-column is-vertically-aligned-center is-layout-flow wp-block-column-is-layout-flow\" style=\"--col-width:40%;flex-basis:40%\">\n<figure class=\"wp-block-image aligncenter size-full\"><img loading=\"lazy\" decoding=\"async\" width=\"550\" height=\"350\" src=\"https:\/\/www.bruederle-design.de\/wp-content\/uploads\/2024\/12\/foto-silber.png\" alt=\"\" class=\"wp-image-155\" style=\"object-fit:cover\"\/><\/figure>\n<\/div>\n<\/div>\n\n\n\n<div style=\"height:76px\" aria-hidden=\"true\" class=\"wp-block-spacer\"><\/div>\n\n\n\n<div class=\"wp-block-columns alignwide is-layout-flex wp-container-core-columns-is-layout-d0b3c9c8 wp-block-columns-is-layout-flex\">\n<div class=\"wp-block-column is-vertically-aligned-bottom is-layout-flow wp-block-column-is-layout-flow\" style=\"--col-width:;padding-top:0;padding-bottom:0\">\n<figure class=\"wp-block-image size-full\"><img loading=\"lazy\" decoding=\"async\" width=\"2048\" height=\"1536\" src=\"https:\/\/www.bruederle-design.de\/wp-content\/uploads\/2024\/12\/P1010026.jpg\" alt=\"\" class=\"wp-image-161\" style=\"object-fit:cover\"\/><\/figure>\n<\/div>\n\n\n\n<div class=\"wp-block-column is-vertically-aligned-bottom is-layout-flow wp-block-column-is-layout-flow\" style=\"--col-width:;padding-bottom:var(--wp--preset--spacing--20)\">\n<p class=\"has-text-align-left has-heading-font-family has-medium-font-size\"><strong>Messemodell f\u00fcr die<\/strong> <strong>Innotrans <\/strong><strong>Berlin<\/strong><br>Bombardier Talent 2<\/p>\n<\/div>\n<\/div>\n\n\n\n<div class=\"wp-block-columns alignwide is-layout-flex wp-container-core-columns-is-layout-d0b3c9c8 wp-block-columns-is-layout-flex\">\n<div class=\"wp-block-column is-vertically-aligned-bottom is-layout-flow wp-block-column-is-layout-flow\" style=\"--col-width:;padding-top:0;padding-bottom:0\">\n<figure class=\"wp-block-image size-full\"><img loading=\"lazy\" decoding=\"async\" width=\"2048\" height=\"1536\" src=\"https:\/\/www.bruederle-design.de\/wp-content\/uploads\/2024\/12\/P1010014.jpg\" alt=\"\" class=\"wp-image-165\" style=\"object-fit:cover\"\/><\/figure>\n<\/div>\n\n\n\n<div class=\"wp-block-column is-vertically-aligned-bottom is-layout-flow wp-block-column-is-layout-flow\" style=\"--col-width:;padding-bottom:var(--wp--preset--spacing--20)\">\n<p class=\"has-text-align-left has-heading-font-family has-medium-font-size\"><strong>Zugmodell f\u00fcr Bombardier<br><\/strong>Zugtyp Regina<\/p>\n<\/div>\n<\/div>\n\n\n\n<div style=\"height:99px\" aria-hidden=\"true\" class=\"wp-block-spacer\"><\/div>\n\n\n\n<div class=\"wp-block-columns alignwide is-layout-flex wp-container-core-columns-is-layout-d0b3c9c8 wp-block-columns-is-layout-flex\">\n<div class=\"wp-block-column is-layout-flow wp-block-column-is-layout-flow\">\n<figure class=\"wp-block-image alignleft size-full is-resized\"><img loading=\"lazy\" decoding=\"async\" width=\"550\" height=\"350\" src=\"https:\/\/www.bruederle-design.de\/wp-content\/uploads\/2024\/12\/draufsicht.jpg\" alt=\"\" class=\"wp-image-169\" style=\"width:624px;height:auto\"\/><\/figure>\n<\/div>\n\n\n\n<div class=\"wp-block-column is-layout-flow wp-block-column-is-layout-flow\">\n<figure class=\"wp-block-image alignleft size-full is-resized\"><img loading=\"lazy\" decoding=\"async\" width=\"550\" height=\"350\" src=\"https:\/\/www.bruederle-design.de\/wp-content\/uploads\/2024\/12\/kurts_schule.png\" alt=\"\" class=\"wp-image-168\" style=\"width:624px;height:auto\"\/><\/figure>\n<\/div>\n<\/div>\n\n\n\n<div class=\"wp-block-columns alignwide is-layout-flex wp-container-core-columns-is-layout-d0b3c9c8 wp-block-columns-is-layout-flex\">\n<div class=\"wp-block-column is-layout-flow wp-block-column-is-layout-flow\">\n<p class=\"has-text-align-left has-heading-font-family\"><strong>Wettbewerbsmodell eines Schulumbaus<\/strong><br>f\u00fcr den Architekten Kurt Sch\u00e4r<\/p>\n<\/div>\n<\/div>\n\n\n\n<div style=\"height:62px\" aria-hidden=\"true\" class=\"wp-block-spacer\"><\/div>\n\n\n\n<div class=\"wp-block-columns alignwide is-layout-flex wp-container-core-columns-is-layout-d0b3c9c8 wp-block-columns-is-layout-flex\">\n<div class=\"wp-block-column is-vertically-aligned-bottom is-layout-flow wp-block-column-is-layout-flow\" style=\"--col-width:70%;padding-top:0;padding-bottom:0;flex-basis:70%\">\n<figure class=\"wp-block-image size-full is-resized\"><img loading=\"lazy\" decoding=\"async\" width=\"550\" height=\"285\" src=\"https:\/\/www.bruederle-design.de\/wp-content\/uploads\/2024\/12\/lueben_02.png\" alt=\"\" class=\"wp-image-173\" style=\"object-fit:cover;width:896px;height:auto\"\/><\/figure>\n<\/div>\n\n\n\n<div class=\"wp-block-column is-vertically-aligned-bottom is-layout-flow wp-block-column-is-layout-flow\" style=\"--col-width:;padding-bottom:var(--wp--preset--spacing--10)\">\n<p class=\"has-text-align-left has-heading-font-family has-medium-font-size\"><strong>Modell der Stadt L\u00fcbben<\/strong><br>bevor die Stadt im 2.WK zerbomt wurde.<br>Material: Lindenholz, Flugzeugsperrholz und Acrylglas<\/p>\n<\/div>\n<\/div>\n\n\n\n<div style=\"height:140px\" aria-hidden=\"true\" class=\"wp-block-spacer\"><\/div>\n\n\n\n<p><\/p>\n","protected":false},"excerpt":{"rendered":"<p>Modellbau hilft weiter, wenn eine rein grafische Darstellung zur Beurteilung der Entw\u00fcrfe nicht mehr ausreicht, z.B. bei der Handhabung.Weiter werden Modelle als Werbemittel verwendet.Die hier gezeigten Modelle sind \u00fcberwiegend bei DesignHaus p+m entstanden. Messemodell einerBlechbiegemaschinef\u00fcr die Euroblech in Hannover von der Grafik zum ModellEntwurf eines Taschenmessers Messemodell f\u00fcr die Innotrans BerlinBombardier Talent 2 Zugmodell f\u00fcr [&hellip;]<\/p>\n","protected":false},"author":1,"featured_media":0,"parent":0,"menu_order":0,"comment_status":"closed","ping_status":"closed","template":"page-no-title","meta":{"footnotes":""},"class_list":["post-146","page","type-page","status-publish","hentry"],"_links":{"self":[{"href":"https:\/\/www.bruederle-design.de\/index.php\/wp-json\/wp\/v2\/pages\/146","targetHints":{"allow":["GET"]}}],"collection":[{"href":"https:\/\/www.bruederle-design.de\/index.php\/wp-json\/wp\/v2\/pages"}],"about":[{"href":"https:\/\/www.bruederle-design.de\/index.php\/wp-json\/wp\/v2\/types\/page"}],"author":[{"embeddable":true,"href":"https:\/\/www.bruederle-design.de\/index.php\/wp-json\/wp\/v2\/users\/1"}],"replies":[{"embeddable":true,"href":"https:\/\/www.bruederle-design.de\/index.php\/wp-json\/wp\/v2\/comments?post=146"}],"version-history":[{"count":35,"href":"https:\/\/www.bruederle-design.de\/index.php\/wp-json\/wp\/v2\/pages\/146\/revisions"}],"predecessor-version":[{"id":1026,"href":"https:\/\/www.bruederle-design.de\/index.php\/wp-json\/wp\/v2\/pages\/146\/revisions\/1026"}],"wp:attachment":[{"href":"https:\/\/www.bruederle-design.de\/index.php\/wp-json\/wp\/v2\/media?parent=146"}],"curies":[{"name":"wp","href":"https:\/\/api.w.org\/{rel}","templated":true}]}}